{"id":8,"date":"2020-06-21T12:30:42","date_gmt":"2020-06-21T10:30:42","guid":{"rendered":"http:\/\/malywielkimowca.pl\/?page_id=8"},"modified":"2026-02-04T13:59:19","modified_gmt":"2026-02-04T12:59:19","slug":"oferta","status":"publish","type":"page","link":"https:\/\/malywielkimowca.pl\/?page_id=8","title":{"rendered":"Oferta"},"content":{"rendered":"\n<figure class=\"wp-block-image size-large is-style-rounded\"><img loading=\"lazy\" decoding=\"async\" width=\"1024\" height=\"129\" src=\"http:\/\/malywielkimowca.pl\/wp-content\/uploads\/2020\/09\/offer-1024x129.jpg\" alt=\"\" class=\"wp-image-128\" srcset=\"https:\/\/malywielkimowca.pl\/wp-content\/uploads\/2020\/09\/offer-1024x129.jpg 1024w, https:\/\/malywielkimowca.pl\/wp-content\/uploads\/2020\/09\/offer-300x38.jpg 300w, https:\/\/malywielkimowca.pl\/wp-content\/uploads\/2020\/09\/offer-768x97.jpg 768w, https:\/\/malywielkimowca.pl\/wp-content\/uploads\/2020\/09\/offer-1536x194.jpg 1536w, https:\/\/malywielkimowca.pl\/wp-content\/uploads\/2020\/09\/offer.jpg 1900w\" sizes=\"auto, (max-width: 1024px) 100vw, 1024px\" \/><\/figure>\n\n\n\n<ul class=\"wp-block-list\">\n<li>Diagnoza i korekcja wad wymowy<\/li>\n\n\n\n<li>Korekcja nieprawid\u0142owego po\u0142ykania u dzieci i doros\u0142ych<\/li>\n\n\n\n<li><a href=\"http:\/\/malywielkimowca.pl\/?page_id=112\">Elektrostymulacja logopedyczna ( stymulacja mi\u0119\u015bni w obszarze ustno &#8211; twarzowym, j\u0119zyka, podniebienia)<\/a> <\/li>\n\n\n\n<li><a href=\"http:\/\/malywielkimowca.pl\/?page_id=115\">Terapia miofunkcjonalna wed\u0142ug Anity Kittel.<\/a><\/li>\n\n\n\n<li>Masa\u017c logopedyczny<\/li>\n\n\n\n<li>Kinesiotaping logopedyczny (stymulacja mi\u0119\u015bni w obszarze ustno \u2013 twarzowym)<\/li>\n\n\n\n<li>Przygotowanie do za\u0142o\u017cenia aparatu ortodontycznego oraz prowadzenie terapii miofunkcjonalnej w czasie terapii ortodontycznej<\/li>\n\n\n\n<li>Profilaktyka logopedyczna w wieku niemowl\u0119cym<\/li>\n\n\n\n<li>Konsultacje i pomoc w problemach z karmieniem i jedzeniem<\/li>\n\n\n\n<li>Terapia op\u00f3\u017anionego rozwoju mowy<\/li>\n\n\n\n<li>Terapia zaburze\u0144 komunikacji w spektrum autyzmu<\/li>\n\n\n\n<li>Terapia neurologopedyczna z osobami doros\u0142ymi z afazj\u0105<\/li>\n\n\n\n<li>Terapia neurologopedyczna z osobami z dyzartri\u0105<\/li>\n\n\n\n<li>Indywidualnie dobrane \u0107wiczenia i zadania do utrwalania w domu<\/li>\n\n\n\n<li>W\u0142\u0105czenie ruchu do stymulacji mowy<\/li>\n\n\n\n<li>Wykorzystanie element\u00f3w muzykoterapii<\/li>\n\n\n\n<li>Wzbogacanie s\u0142ownictwa biernego i czynnego, nauka konstruowania wypowiedzi i opowiada\u0144 ustnych<\/li>\n\n\n\n<li>Terapia zgodna z naturalnym tempem rozwoju dziecka, zale\u017cnie od wieku<\/li>\n<\/ul>\n\n\n\n<p class=\"has-text-align-center\"><strong>Mo\u017cliwo\u015b\u0107 konsultacji z dojazdem do domu<\/strong> (u niemowl\u0105t i os\u00f3b z problemami w poruszaniu si\u0119)<\/p>\n\n\n\n<p class=\"has-text-align-center\">Termin wizyty&nbsp; &#8211; do uzgodnienia telefonicznego.&nbsp;<\/p>\n\n\n\n<p>tel. 455 448 163<\/p>\n","protected":false},"excerpt":{"rendered":"<p>Mo\u017cliwo\u015b\u0107 konsultacji z dojazdem do domu (u niemowl\u0105t i os\u00f3b z problemami w poruszaniu si\u0119) Termin wizyty&nbsp; &#8211; do uzgodnienia telefonicznego.&nbsp; tel. 455 448 163<\/p>\n","protected":false},"author":1,"featured_media":0,"parent":0,"menu_order":0,"comment_status":"closed","ping_status":"closed","template":"","meta":{"footnotes":""},"class_list":["post-8","page","type-page","status-publish","hentry"],"_links":{"self":[{"href":"https:\/\/malywielkimowca.pl\/index.php?rest_route=\/wp\/v2\/pages\/8","targetHints":{"allow":["GET"]}}],"collection":[{"href":"https:\/\/malywielkimowca.pl\/index.php?rest_route=\/wp\/v2\/pages"}],"about":[{"href":"https:\/\/malywielkimowca.pl\/index.php?rest_route=\/wp\/v2\/types\/page"}],"author":[{"embeddable":true,"href":"https:\/\/malywielkimowca.pl\/index.php?rest_route=\/wp\/v2\/users\/1"}],"replies":[{"embeddable":true,"href":"https:\/\/malywielkimowca.pl\/index.php?rest_route=%2Fwp%2Fv2%2Fcomments&post=8"}],"version-history":[{"count":5,"href":"https:\/\/malywielkimowca.pl\/index.php?rest_route=\/wp\/v2\/pages\/8\/revisions"}],"predecessor-version":[{"id":324,"href":"https:\/\/malywielkimowca.pl\/index.php?rest_route=\/wp\/v2\/pages\/8\/revisions\/324"}],"wp:attachment":[{"href":"https:\/\/malywielkimowca.pl\/index.php?rest_route=%2Fwp%2Fv2%2Fmedia&parent=8"}],"curies":[{"name":"wp","href":"https:\/\/api.w.org\/{rel}","templated":true}]}}