{"id":294,"date":"2024-09-01T19:48:01","date_gmt":"2024-09-01T17:48:01","guid":{"rendered":"http:\/\/malywielkimowca.pl\/?page_id=294"},"modified":"2024-09-01T19:49:27","modified_gmt":"2024-09-01T17:49:27","slug":"standardy-ochrony-maloletnich-w-gabinecie-neurologopedycznym-agnieszka-grabiec","status":"publish","type":"page","link":"https:\/\/malywielkimowca.pl\/?page_id=294","title":{"rendered":"Standardy Ochrony Ma\u0142oletnich w Gabinecie Neurologopedycznym Agnieszka Grabiec"},"content":{"rendered":"\n<p><strong>I. Wprowadzenie<\/strong><\/p>\n\n\n\n<p>Standardy Ochrony Ma\u0142oletnich s\u0105 elementem systemowego podej\u015bcia do ochrony dzieci przed krzywdzeniem. Maj\u0105 na celu zapewnienie bezpiecze\u0144stwa, ochrony praw oraz wsparcia ma\u0142oletnim pacjentom korzystaj\u0105cym z us\u0142ug gabinetu logopedycznego. Niniejszy dokument stanowi zbi\u00f3r zasad i procedur, kt\u00f3re maj\u0105 by\u0107 stosowane w sytuacjach zagro\u017cenia bezpiecze\u0144stwa dziecka.<\/p>\n\n\n\n<p><strong>Podstawy prawne Polityki ochrony dzieci<\/strong><\/p>\n\n\n\n<ul class=\"wp-block-list\"><li>Konwencja o prawach dziecka przyj\u0119ta przez Zgromadzenie Og\u00f3lne Narod\u00f3w Zjednoczonych dnia 20 listopada 1989 r. (Dz. U. z 1991r. Nr 120, poz. 526 z p\u00f3\u017an. zm.)<\/li><li>Konstytucja Rzeczypospolitej Polskiej z dnia 2 kwietnia 1997 r. (Dz. U. Nr 78, poz. 483 z p\u00f3\u017an. zm.)<\/li><li>Ustawa z dnia 25 lutego 1964 r. Kodeks rodzinny i opieku\u0144czy (t.j. Dz. U. z 2020 r. poz. 1359)<\/li><li>Ustawa z dnia 28 lipca 2023 r. o zmianie ustawy &#8211; Kodeks rodzinny i opieku\u0144czy oraz niekt\u00f3rych innych ustaw (Dz. U. poz. 1606).<\/li><li>Ustawa z dnia 13 maja 2016 r. o przeciwdzia\u0142aniu zagro\u017ceniom przest\u0119pczo\u015bci\u0105 na tle seksualnym (t.j. Dz. U. z 2023 r. poz. 31 z p\u00f3\u017an. zm.)<\/li><li>Ustawa z dnia 29 lipca 2005 r. o przeciwdzia\u0142aniu przemocy domowej (t.j. Dz. U. z 2021 r. poz. 1249).<\/li><li>Ustawa z dnia 6 czerwca 1997 r. Kodeks karny (t.j. Dz. U. z 2022 r. poz. 1138 z p\u00f3\u017an. zm.).<\/li><li>Ustawa z dnia 6 czerwca 1997 r. Kodeks post\u0119powania karnego (t.j. Dz. U. z 2022 r. poz. 1375 z p\u00f3\u017an. zm.).<\/li><li>Ustawa z dnia 23 kwietnia 1964 r. Kodeks cywilny (t.j. Dz. U. z 2022 r. poz. 1360 z p\u00f3\u017an. zm.) -art. 23 i 24<\/li><li>Ustawa z dnia 17 listopada 1964 r. Kodeks post\u0119powania cywilnego (t.j. Dz. U. z 2023 r. poz. 1550 z p\u00f3\u017an. zm.)<\/li><\/ul>\n\n\n\n<p><strong>II. Cele Standard\u00f3w Ochrony Ma\u0142oletnich<\/strong><\/p>\n\n\n\n<ol class=\"wp-block-list\" type=\"1\"><li>Zapewnienie bezpiecze\u0144stwa i ochrony praw ma\u0142oletnich pacjent\u00f3w.<\/li><li>Zwi\u0119kszenie \u015bwiadomo\u015bci o zagro\u017ceniach zwi\u0105zanych z przemoc\u0105 wobec dzieci.<\/li><li>Ustalenie procedur post\u0119powania w przypadku podejrzenia krzywdzenia dziecka.<\/li><li>Promowanie odpowiednich postaw w kontaktach z dzie\u0107mi i ich rodzinami.<\/li><\/ol>\n\n\n\n<p><strong>III. Zasady Og\u00f3lne<\/strong><\/p>\n\n\n\n<ol class=\"wp-block-list\" type=\"1\"><li><strong>Poszanowanie Praw Dziecka:<\/strong>&nbsp;Wszystkie dzia\u0142ania podejmowane w gabinecie logopedycznym musz\u0105 by\u0107 zgodne z zasad\u0105 poszanowania godno\u015bci i praw dziecka, zgodnie z Konwencj\u0105 o Prawach Dziecka.<\/li><li><strong>Bezpiecze\u0144stwo:<\/strong>&nbsp;Podstawowym priorytetem jest zapewnienie bezpiecze\u0144stwa fizycznego i emocjonalnego ma\u0142oletnim pacjentom.<\/li><li><strong>Poufno\u015b\u0107:<\/strong>&nbsp;Informacje o stanie zdrowia i sytuacji rodzinnej dziecka s\u0105 traktowane jako poufne i nie s\u0105 udost\u0119pniane bez zgody rodzic\u00f3w lub opiekun\u00f3w prawnych, chyba \u017ce sytuacja wymaga interwencji prawnej.<\/li><li><strong>Edukacja i \u015awiadomo\u015b\u0107:<\/strong>&nbsp;Logopeda oraz wszyscy wsp\u00f3\u0142pracownicy gabinetu musz\u0105 by\u0107 \u015bwiadomi zagro\u017ce\u0144 zwi\u0105zanych z przemoc\u0105 wobec dzieci oraz przeszkoleni w zakresie rozpoznawania sygna\u0142\u00f3w \u015bwiadcz\u0105cych o krzywdzeniu.<\/li><\/ol>\n\n\n\n<p><strong>IV. Procedury Post\u0119powania<\/strong><\/p>\n\n\n\n<ol class=\"wp-block-list\" type=\"1\"><li><strong>Rozpoznanie Ryzyka:<\/strong><ul><li>Ka\u017cde dziecko przyjmowane do gabinetu jest oceniane pod k\u0105tem ewentualnych zagro\u017ce\u0144 zwi\u0105zanych z przemoc\u0105 (formularz: Arkusz Oceny Ryzyka Stosowania Przemocy wobec Ma\u0142oletniego).<\/li><li>W przypadku podejrzenia zagro\u017cenia, nale\u017cy wdro\u017cy\u0107 plan wsparcia (formularz: Plan Wsparcia Ma\u0142oletniego).<\/li><\/ul><\/li><li><strong>Interwencja:<\/strong><ul><li>W sytuacji zaobserwowania lub podejrzenia krzywdzenia dziecka nale\u017cy niezw\u0142ocznie wype\u0142ni\u0107 Kart\u0119 Interwencji oraz zg\u0142osi\u0107 spraw\u0119 odpowiednim s\u0142u\u017cbom (formularz: Zawiadomienie o pope\u0142nieniu przest\u0119pstwa).<\/li><li>W przypadkach wymagaj\u0105cych dalszej oceny sytuacji dziecka, nale\u017cy z\u0142o\u017cy\u0107 Wniosek o Wgl\u0105d w Sytuacj\u0119 Dziecka do odpowiednich organ\u00f3w.<\/li><\/ul><\/li><li><strong>Dokumentacja:<\/strong><ul><li>Wszystkie dzia\u0142ania zwi\u0105zane z ochron\u0105 ma\u0142oletnich powinny by\u0107 dok\u0142adnie dokumentowane.<\/li><li>Osoby odpowiedzialne za kontakt z dzie\u0107mi musz\u0105 podpisa\u0107 O\u015bwiadczenie o zapoznaniu si\u0119 ze standardami ochrony ma\u0142oletnich.<\/li><\/ul><\/li><\/ol>\n\n\n\n<p><strong>V. Wzory Dokument\u00f3w<\/strong><\/p>\n\n\n\n<ol class=\"wp-block-list\" type=\"1\"><li><strong>O\u015bwiadczenie o zapoznaniu si\u0119 ze standardami<\/strong><ul><li>Dokument, w kt\u00f3rym logopeda oraz osoby wsp\u00f3\u0142pracuj\u0105ce w gabinecie potwierdzaj\u0105 zapoznanie si\u0119 ze Standardami Ochrony Ma\u0142oletnich i zobowi\u0105zuj\u0105 si\u0119 do ich przestrzegania.<\/li><\/ul><\/li><li><strong>Arkusz Oceny Ryzyka Stosowania Przemocy wobec Ma\u0142oletniego<\/strong><ul><li>Formularz s\u0142u\u017c\u0105cy do wst\u0119pnej oceny ryzyka przemocy w stosunku do ma\u0142oletniego pacjenta.<\/li><\/ul><\/li><li><strong>Plan Wsparcia Ma\u0142oletniego<\/strong><ul><li>Dokumentacja dzia\u0142a\u0144 podejmowanych w celu wsparcia dziecka w sytuacji zagro\u017cenia.<\/li><\/ul><\/li><li><strong>Karta Interwencji<\/strong><ul><li>Formularz, kt\u00f3ry nale\u017cy wype\u0142ni\u0107 w przypadku interwencji w zwi\u0105zku z podejrzeniem krzywdzenia dziecka.<\/li><\/ul><\/li><li><strong>Wniosek o Wgl\u0105d w Sytuacj\u0119 Dziecka<\/strong><ul><li>Wz\u00f3r dokumentu, kt\u00f3ry mo\u017cna z\u0142o\u017cy\u0107 do odpowiednich organ\u00f3w w przypadku podejrzenia, \u017ce dziecko jest krzywdzone.<\/li><\/ul><\/li><li><strong>Zawiadomienie o pope\u0142nieniu przest\u0119pstwa<\/strong><ul><li>Wz\u00f3r pisma zg\u0142oszeniowego do organ\u00f3w \u015bcigania w przypadku stwierdzenia podejrzenia pope\u0142nienia przest\u0119pstwa wobec ma\u0142oletniego.<\/li><\/ul><\/li><\/ol>\n\n\n\n<p><strong>VI. Zako\u0144czenie<\/strong><\/p>\n\n\n\n<p>Standardy Ochrony Ma\u0142oletnich w gabinecie logopedycznym maj\u0105 na celu stworzenie bezpiecznego \u015brodowiska dla dzieci i s\u0105 integralnym elementem systemu ochrony ma\u0142oletnich przed przemoc\u0105. Wszystkie osoby pracuj\u0105ce z dzie\u0107mi s\u0105 zobowi\u0105zane do przestrzegania tych zasad i procedur.<\/p>\n","protected":false},"excerpt":{"rendered":"<p>I. Wprowadzenie Standardy Ochrony Ma\u0142oletnich s\u0105 elementem systemowego podej\u015bcia do ochrony dzieci przed krzywdzeniem. Maj\u0105 na celu zapewnienie bezpiecze\u0144stwa, ochrony praw oraz wsparcia ma\u0142oletnim pacjentom korzystaj\u0105cym z us\u0142ug gabinetu logopedycznego. Niniejszy dokument stanowi zbi\u00f3r zasad i procedur, kt\u00f3re maj\u0105 by\u0107 stosowane w sytuacjach zagro\u017cenia bezpiecze\u0144stwa dziecka. Podstawy prawne Polityki ochrony dzieci Konwencja o prawach dziecka [&hellip;]<\/p>\n","protected":false},"author":1,"featured_media":0,"parent":0,"menu_order":0,"comment_status":"closed","ping_status":"closed","template":"","meta":{"footnotes":""},"class_list":["post-294","page","type-page","status-publish","hentry"],"_links":{"self":[{"href":"https:\/\/malywielkimowca.pl\/index.php?rest_route=\/wp\/v2\/pages\/294","targetHints":{"allow":["GET"]}}],"collection":[{"href":"https:\/\/malywielkimowca.pl\/index.php?rest_route=\/wp\/v2\/pages"}],"about":[{"href":"https:\/\/malywielkimowca.pl\/index.php?rest_route=\/wp\/v2\/types\/page"}],"author":[{"embeddable":true,"href":"https:\/\/malywielkimowca.pl\/index.php?rest_route=\/wp\/v2\/users\/1"}],"replies":[{"embeddable":true,"href":"https:\/\/malywielkimowca.pl\/index.php?rest_route=%2Fwp%2Fv2%2Fcomments&post=294"}],"version-history":[{"count":1,"href":"https:\/\/malywielkimowca.pl\/index.php?rest_route=\/wp\/v2\/pages\/294\/revisions"}],"predecessor-version":[{"id":295,"href":"https:\/\/malywielkimowca.pl\/index.php?rest_route=\/wp\/v2\/pages\/294\/revisions\/295"}],"wp:attachment":[{"href":"https:\/\/malywielkimowca.pl\/index.php?rest_route=%2Fwp%2Fv2%2Fmedia&parent=294"}],"curies":[{"name":"wp","href":"https:\/\/api.w.org\/{rel}","templated":true}]}}