{"id":21,"date":"2020-06-21T13:02:58","date_gmt":"2020-06-21T11:02:58","guid":{"rendered":"http:\/\/malywielkimowca.pl\/?page_id=21"},"modified":"2020-09-12T22:52:08","modified_gmt":"2020-09-12T20:52:08","slug":"o-mnie","status":"publish","type":"page","link":"https:\/\/malywielkimowca.pl\/?page_id=21","title":{"rendered":"O mnie"},"content":{"rendered":"\n<p><strong><span class=\"has-inline-color has-vivid-cyan-blue-color\">Nazywam si\u0119 Agnieszka Grabiec<\/span><\/strong><\/p>\n\n\n\n<div class=\"wp-block-image\"><figure class=\"alignright size-large is-resized\"><img loading=\"lazy\" decoding=\"async\" src=\"http:\/\/malywielkimowca.pl\/wp-content\/uploads\/2020\/06\/59840664_2206891076084683_2651532883780435968_n.jpg\" alt=\"\" class=\"wp-image-26\" width=\"237\" height=\"238\" srcset=\"https:\/\/malywielkimowca.pl\/wp-content\/uploads\/2020\/06\/59840664_2206891076084683_2651532883780435968_n.jpg 512w, https:\/\/malywielkimowca.pl\/wp-content\/uploads\/2020\/06\/59840664_2206891076084683_2651532883780435968_n-300x300.jpg 300w, https:\/\/malywielkimowca.pl\/wp-content\/uploads\/2020\/06\/59840664_2206891076084683_2651532883780435968_n-150x150.jpg 150w\" sizes=\"auto, (max-width: 237px) 100vw, 237px\" \/><\/figure><\/div>\n\n\n\n<p>Po uko\u0144czeniu w 2000 roku studi\u00f3w wy\u017cszych, zaanga\u017cowa\u0142am si\u0119 w prac\u0119 naukow\u0105 i w kilka lat p\u00f3\u017aniej obroni\u0142am doktorat. Nast\u0119pnie pracowa\u0142am na wy\u017cszej uczelni, gdzie zbiera\u0142am do\u015bwiadczenie dydaktyczne jako nauczyciel akademicki. Ju\u017c wtedy bardzo ch\u0119tnie korzysta\u0142am z okazji spotka\u0144 z dzie\u0107mi, organizuj\u0105c wycieczki oraz prowadz\u0105c dodatkowe zaj\u0119cia dla m\u0142odzie\u017cy w warszawskiej szkole im. Emilii Plater \u2013 Zyberk\u00f3wny.<\/p>\n\n\n\n<p>Uko\u0144czy\u0142am z wynikiem bardzo dobrym studia podyplomowe z logopedii w Szkole Wy\u017cszej Przymierza Rodzin (SWPR) w Warszawie. Pracuj\u0105c jako logopeda styka\u0142am si\u0119 z r\u00f3\u017cnymi problemami u dzieci i doros\u0142ych, kt\u00f3re wymaga\u0142y bardziej specjalistycznej wiedzy. Dlatego zdecydowa\u0142am si\u0119 na studia podyplomowe z neurologopedii, kt\u00f3re uko\u0144czy\u0142am z wynikiem bardzo dobrym. Jako by\u0142y pracownik naukowy, mam potrzeb\u0119 ci\u0105g\u0142ego dokszta\u0142cania si\u0119 uczestnicz\u0105c w kursach, konferencjach, warsztatach oraz po\u015bwi\u0119caj\u0105c czas na prac\u0119 w\u0142asn\u0105.<\/p>\n\n\n\n<p>Na ka\u017cdym etapie mojego rozwoju du\u017ce znaczenie odgrywa\u0142a umiej\u0119tno\u015b\u0107 nawi\u0105zywania kontaktu z lud\u017ami &#8211; zar\u00f3wno z doros\u0142ymi jak i z dzie\u0107mi. Logopedia sta\u0142a si\u0119 moj\u0105 pasj\u0105, kt\u00f3r\u0105 \u0142\u0105cz\u0119 z muzyk\u0105 i \u015bpiewaniem. Dba\u0142o\u015b\u0107 o pi\u0119kn\u0105 i wyra\u017an\u0105 polszczyzn\u0119 realizuj\u0119 tak\u017ce w \u017cyciu prywatnym. Jestem osob\u0105 ciep\u0142\u0105 , serdeczn\u0105 i kreatywn\u0105, a praca z lud\u017ami jest moim powo\u0142aniem. Dotychczasowe do\u015bwiadczenie i konieczno\u015b\u0107 dzia\u0142ania w zr\u00f3\u017cnicowanym \u015brodowisku nauczy\u0142y mnie w spos\u00f3b taktowny i spokojny radzenia sobie w ka\u017cdej sytuacji. \u0141atwo nawi\u0105zuj\u0119 kontakt i umiem podtrzyma\u0107 rozmow\u0119 nawet z najwi\u0119kszym milczkiem. <\/p>\n\n\n\n<p>Jestem m\u0119\u017catk\u0105 i mam\u0105 dw\u00f3ch syn\u00f3w.<\/p>\n\n\n\n<h2 class=\"wp-block-heading\"><strong><span class=\"has-inline-color has-vivid-cyan-blue-color\">Specjalizacja<\/span><\/strong><\/h2>\n\n\n\n<p>Specjalizuj\u0119 si\u0119 w terapii wad wymowy i zaburze\u0144 komunikacji na tle dysfunkcji miofunkcjonalnych. W terapii wykorzystuj\u0119 techniki bezpo\u015bredniego oddzia\u0142ywania na pacjenta, takie jak masa\u017c logopedyczny, trening miofunkcjonalny, elektrostymulacj\u0119 logopedyczn\u0105 oraz kinesiotaping logopedyczny. Zajmuj\u0119&nbsp; si\u0119 diagnozowaniem i terapi\u0105 dzieci, m\u0142odzie\u017cy i doros\u0142ych.<\/p>\n\n\n\n<p><a href=\"http:\/\/malywielkimowca.pl\/?page_id=165\">Kliknij, aby zobaczy\u0107 list\u0119 uko\u0144czonych szkole\u0144 i kurs\u00f3w.<\/a><\/p>\n\n\n\n<p><a href=\"http:\/\/malywielkimowca.pl\/?page_id=172\">Kliknij, aby zobaczy\u0107 m\u00f3j gabinet<\/a><\/p>\n\n\n\n<p><\/p>\n\n\n\n<p><\/p>\n","protected":false},"excerpt":{"rendered":"<p>Nazywam si\u0119 Agnieszka Grabiec Po uko\u0144czeniu w 2000 roku studi\u00f3w wy\u017cszych, zaanga\u017cowa\u0142am si\u0119 w prac\u0119 naukow\u0105 i w kilka lat p\u00f3\u017aniej obroni\u0142am doktorat. Nast\u0119pnie pracowa\u0142am na wy\u017cszej uczelni, gdzie zbiera\u0142am do\u015bwiadczenie dydaktyczne jako nauczyciel akademicki. Ju\u017c wtedy bardzo ch\u0119tnie korzysta\u0142am z okazji spotka\u0144 z dzie\u0107mi, organizuj\u0105c wycieczki oraz prowadz\u0105c dodatkowe zaj\u0119cia dla m\u0142odzie\u017cy w warszawskiej [&hellip;]<\/p>\n","protected":false},"author":1,"featured_media":0,"parent":0,"menu_order":0,"comment_status":"closed","ping_status":"closed","template":"page-onecolumn.php","meta":{"footnotes":""},"class_list":["post-21","page","type-page","status-publish","hentry"],"_links":{"self":[{"href":"https:\/\/malywielkimowca.pl\/index.php?rest_route=\/wp\/v2\/pages\/21","targetHints":{"allow":["GET"]}}],"collection":[{"href":"https:\/\/malywielkimowca.pl\/index.php?rest_route=\/wp\/v2\/pages"}],"about":[{"href":"https:\/\/malywielkimowca.pl\/index.php?rest_route=\/wp\/v2\/types\/page"}],"author":[{"embeddable":true,"href":"https:\/\/malywielkimowca.pl\/index.php?rest_route=\/wp\/v2\/users\/1"}],"replies":[{"embeddable":true,"href":"https:\/\/malywielkimowca.pl\/index.php?rest_route=%2Fwp%2Fv2%2Fcomments&post=21"}],"version-history":[{"count":10,"href":"https:\/\/malywielkimowca.pl\/index.php?rest_route=\/wp\/v2\/pages\/21\/revisions"}],"predecessor-version":[{"id":175,"href":"https:\/\/malywielkimowca.pl\/index.php?rest_route=\/wp\/v2\/pages\/21\/revisions\/175"}],"wp:attachment":[{"href":"https:\/\/malywielkimowca.pl\/index.php?rest_route=%2Fwp%2Fv2%2Fmedia&parent=21"}],"curies":[{"name":"wp","href":"https:\/\/api.w.org\/{rel}","templated":true}]}}