{"id":66,"date":"2020-06-21T15:24:14","date_gmt":"2020-06-21T13:24:14","guid":{"rendered":"http:\/\/malywielkimowca.pl\/?page_id=66"},"modified":"2020-09-03T16:20:50","modified_gmt":"2020-09-03T14:20:50","slug":"diagnoza-i-terapia","status":"publish","type":"page","link":"http:\/\/malywielkimowca.pl\/?page_id=66","title":{"rendered":"Diagnoza i Terapia"},"content":{"rendered":"\n<p>Diagnoza poprzedzona jest dok\u0142adnym wywiadem dotycz\u0105cym przebiegu ci\u0105\u017cy, porodu, rozwoju ruchowego, przebiegu karmienia. Oceniana jest postawa cia\u0142a, ruch ca\u0142ego cia\u0142a sprawno\u015b\u0107 i budowa element\u00f3w aparatu artykulacyjnego, funkcje odgryzania, \u017cucia i po\u0142ykania, oddychania,&nbsp; rozumienie, powtarzanie, nazywanie. Przeprowadzam analiz\u0119 funkcjonowania dziecka na podstawie obserwacji i do\u015bwiadczenia zawodowego oraz standaryzowanych test\u00f3w. Spotkanie trwa oko\u0142o 60 minut (lub d\u0142u\u017cej w zale\u017cno\u015bci od ch\u0119ci wsp\u00f3\u0142pracy pacjenta czy jego kondycji w danym dniu). &nbsp;Czasami diagnoza musi by\u0107 poszerzona o dodatkowe wyniki bada\u0144 innych specjalist\u00f3w (psychologa, neurologa, audiologa, foniatry, ortodonty, okulisty czy specjalisty integracji sensorycznej).<\/p>\n\n\n\n<p>Efektem diagnozy jest opracowanie indywidualnego planu terapii, kt\u00f3ry mo\u017ce ulec zmianie w zale\u017cno\u015bci od przebiegu terapii. Plan terapii omawiam z rodzicami pacjenta i dok\u0142adnie t\u0142umacz\u0119, nad kt\u00f3rymi funkcjami b\u0119dziemy pracowa\u0107.<\/p>\n\n\n\n<p>Pisemn\u0105 opini\u0119 (dodatkowo p\u0142atn\u0105 ) mog\u0119 przygotowa\u0107 po co najmniej kilku spotkaniach.<\/p>\n\n\n\n<p>&nbsp;Zaj\u0119cia odbywaj\u0105 si\u0119 w przyjaznej atmosferze, w formie zabawy, z wykorzystaniem gotowych pomocy oraz tych opracowanych przeze mnie. Wszystkie akcesoria s\u0105 jednorazowego u\u017cytku lub podlegaj\u0105 dezynfekcji po ka\u017cdym u\u017cyciu.<\/p>\n\n\n\n<p><strong>Do osi\u0105gni\u0119cia sukcesu terapii konieczne s\u0105 regularne, systematyczne \u0107wiczenia tak\u017ce w domu i \u015bcis\u0142a wsp\u00f3\u0142praca&nbsp; rodzic\u00f3w pacjenta z logoped\u0105, oparta na zaufaniu.<\/strong><\/p>\n\n\n\n<p>Diagnoza i terapia doros\u0142ych<\/p>\n\n\n\n<p>Diagnoza doros\u0142ych polega na dok\u0142adnej analizie potrzeb i przyczyny, z powodu kt\u00f3rej zasi\u0119gaj\u0105 porady logopedy czy neurologopedy. Przeprowadzam wywiad opieraj\u0105c si\u0119 tak\u017ce na wynikach bada\u0144 od innych specjalist\u00f3w. Ocenie podlega budowa i funkcja aparatu artykulacyjnego, funkcja oddychania, po\u0142ykania, rozumienie, powtarzanie, nazywanie, sprawno\u015b\u0107 komunikacyjna. Cz\u0119sto diagnoz\u0119 przeprowadza si\u0119 we wsp\u00f3\u0142pracy z innymi specjalistami (np. audiologiem, foniatr\u0105, ortodont\u0105, neurologiem). Spotkanie trwa oko\u0142o 60 minut. W zale\u017cno\u015bci od potrzeb i mo\u017cliwo\u015bci do pe\u0142nej diagnozy b\u0119d\u0105 potrzebne 2 lub 3 spotkania.<\/p>\n\n\n\n<p>Efektem diagnozy jest opracowanie indywidualnego planu terapii, kt\u00f3ry mo\u017ce ulec zmianie w zale\u017cno\u015bci od przebiegu terapii. Plan terapii omawiam z pacjentem i dok\u0142adnie t\u0142umacz\u0119, nad kt\u00f3rymi funkcjami b\u0119dziemy pracowa\u0107.<\/p>\n\n\n\n<p>Terapi\u0119 prowadz\u0119 wykorzystuj\u0105c materia\u0142y przeznaczone dla doros\u0142ych, wszystkie akcesoria s\u0105 jednorazowego u\u017cytku lub podlegaj\u0105 dezynfekcji po ka\u017cdym u\u017cyciu.<\/p>\n\n\n\n<p>Do osi\u0105gni\u0119cia celu niezb\u0119dne s\u0105 regularne, systematyczne spotkania z logoped\u0105 i \u0107wiczenia w domu.<\/p>\n","protected":false},"excerpt":{"rendered":"<p>Diagnoza poprzedzona jest dok\u0142adnym wywiadem dotycz\u0105cym przebiegu ci\u0105\u017cy, porodu, rozwoju ruchowego, przebiegu karmienia. Oceniana jest postawa cia\u0142a, ruch ca\u0142ego cia\u0142a sprawno\u015b\u0107 i budowa element\u00f3w aparatu artykulacyjnego, funkcje odgryzania, \u017cucia i po\u0142ykania, oddychania,&nbsp; rozumienie, powtarzanie, nazywanie. Przeprowadzam analiz\u0119 funkcjonowania dziecka na podstawie obserwacji i do\u015bwiadczenia zawodowego oraz standaryzowanych test\u00f3w. Spotkanie trwa oko\u0142o 60 minut (lub d\u0142u\u017cej [&hellip;]<\/p>\n","protected":false},"author":1,"featured_media":0,"parent":0,"menu_order":0,"comment_status":"closed","ping_status":"closed","template":"","meta":{"footnotes":""},"class_list":["post-66","page","type-page","status-publish","hentry"],"_links":{"self":[{"href":"http:\/\/malywielkimowca.pl\/index.php?rest_route=\/wp\/v2\/pages\/66","targetHints":{"allow":["GET"]}}],"collection":[{"href":"http:\/\/malywielkimowca.pl\/index.php?rest_route=\/wp\/v2\/pages"}],"about":[{"href":"http:\/\/malywielkimowca.pl\/index.php?rest_route=\/wp\/v2\/types\/page"}],"author":[{"embeddable":true,"href":"http:\/\/malywielkimowca.pl\/index.php?rest_route=\/wp\/v2\/users\/1"}],"replies":[{"embeddable":true,"href":"http:\/\/malywielkimowca.pl\/index.php?rest_route=%2Fwp%2Fv2%2Fcomments&post=66"}],"version-history":[{"count":2,"href":"http:\/\/malywielkimowca.pl\/index.php?rest_route=\/wp\/v2\/pages\/66\/revisions"}],"predecessor-version":[{"id":153,"href":"http:\/\/malywielkimowca.pl\/index.php?rest_route=\/wp\/v2\/pages\/66\/revisions\/153"}],"wp:attachment":[{"href":"http:\/\/malywielkimowca.pl\/index.php?rest_route=%2Fwp%2Fv2%2Fmedia&parent=66"}],"curies":[{"name":"wp","href":"https:\/\/api.w.org\/{rel}","templated":true}]}}