{"id":112,"date":"2020-09-01T23:29:58","date_gmt":"2020-09-01T21:29:58","guid":{"rendered":"http:\/\/malywielkimowca.pl\/?page_id=112"},"modified":"2020-09-03T16:55:37","modified_gmt":"2020-09-03T14:55:37","slug":"elektrostymulacja","status":"publish","type":"page","link":"http:\/\/malywielkimowca.pl\/?page_id=112","title":{"rendered":"Elektrostymulacja"},"content":{"rendered":"\n<figure class=\"wp-block-image size-large is-style-rounded\"><img loading=\"lazy\" decoding=\"async\" width=\"1024\" height=\"129\" src=\"http:\/\/malywielkimowca.pl\/wp-content\/uploads\/2020\/09\/electro-2-1024x129.jpg\" alt=\"\" class=\"wp-image-125\" srcset=\"http:\/\/malywielkimowca.pl\/wp-content\/uploads\/2020\/09\/electro-2-1024x129.jpg 1024w, http:\/\/malywielkimowca.pl\/wp-content\/uploads\/2020\/09\/electro-2-300x38.jpg 300w, http:\/\/malywielkimowca.pl\/wp-content\/uploads\/2020\/09\/electro-2-768x97.jpg 768w, http:\/\/malywielkimowca.pl\/wp-content\/uploads\/2020\/09\/electro-2-1536x194.jpg 1536w, http:\/\/malywielkimowca.pl\/wp-content\/uploads\/2020\/09\/electro-2.jpg 1900w\" sizes=\"auto, (max-width: 1024px) 100vw, 1024px\" \/><\/figure>\n\n\n\n<p><strong>Co to jest elektrostymulacja?<\/strong><\/p>\n\n\n\n<p>Elektrostymulacja to metoda wspomagania terapii logopedycznej, neurologopedycznej i ortodontycznej poprzez oddzia\u0142ywanie pr\u0105du impulsowego na nerwy i mi\u0119\u015bnie. Pr\u0105d o niskim nat\u0119\u017ceniu stymuluje mi\u0119\u015bnie do normatywnego skurczu, oddzia\u0142uj\u0105c bezpo\u015brednio na w\u0142\u00f3kna mi\u0119\u015bniowe lub normalizuj\u0105c skurcz poprzez oddzia\u0142ywanie na nerwy.<\/p>\n\n\n\n<p><strong>Wskazania do zabieg\u00f3w<\/strong><\/p>\n\n\n\n<ul class=\"wp-block-list\"><li>op\u00f3\u017aniony rozw\u00f3j mowy<\/li><li>obni\u017cone napi\u0119cie mi\u0119\u015bniowe w obr\u0119bie kompleksu ustno \u2013 twarzowego<\/li><li>zaburzenia artykulacji (np. seplenienie mi\u0119dzyz\u0119bowe)<\/li><li>dysfunkcje mi\u0119\u015bni w zespo\u0142ach genetycznych (np. zesp\u00f3\u0142 Downa, zesp\u00f3\u0142 Charge, zesp\u00f3\u0142 M\u00f6biusa, zesp\u00f3\u0142 Mikrodelecji&nbsp; 22q11)<\/li><li>dysfagia ( zaburzenia po\u0142ykania)<\/li><li>dyzartria<\/li><li>zaburzenia s\u0142uchu wynikaj\u0105ce z dysfunkcji tr\u0105bki s\u0142uchowej<\/li><li>zaburzenia mowy u os\u00f3b z rozszczepem podniebienia lub po jego korekcji<\/li><li>mowa nosowa<\/li><li>dysfunkcja stawu skroniowo \u2013 \u017cuchwowego<\/li><li>bruksizm<\/li><li>pora\u017cenie nerw\u00f3w i niedow\u0142ad mi\u0119\u015bni (np. u pacjent\u00f3w po udarach);zaburzenia g\u0142osu i rezonansu mowy<\/li><\/ul>\n\n\n\n<p><strong>Na czym polega zabieg? Na co si\u0119 przygotowa\u0107?<\/strong><\/p>\n\n\n\n<p>Zabieg elektrostymulacji wykonywany jest przy u\u017cyciu certyfikowanego urz\u0105dzenia medycznego. <\/p>\n\n\n\n<p>Wykonywany jest dwoma elektrodami, jedn\u0105 z nich umieszcza si\u0119 na ramieniu lub przedramieniu pacjenta, drug\u0105 stanowi specjalna ko\u0144c\u00f3wka, kt\u00f3ra dotyka si\u0119 okre\u015blonych punkt\u00f3w na twarzy, j\u0119zyku lub podniebieniu. <\/p>\n\n\n\n<p>Innym sposobem wykonania zabiegu jest aplikacja elektrod bezpo\u015brednio na sk\u00f3r\u0119 twarzy. <img loading=\"lazy\" decoding=\"async\" width=\"150\" height=\"101\" class=\"wp-image-154\" style=\"width: 150px;\" src=\"http:\/\/malywielkimowca.pl\/wp-content\/uploads\/2020\/09\/elektro-Franek.jpg\" alt=\"\" srcset=\"http:\/\/malywielkimowca.pl\/wp-content\/uploads\/2020\/09\/elektro-Franek.jpg 2184w, http:\/\/malywielkimowca.pl\/wp-content\/uploads\/2020\/09\/elektro-Franek-300x202.jpg 300w, http:\/\/malywielkimowca.pl\/wp-content\/uploads\/2020\/09\/elektro-Franek-1024x691.jpg 1024w, http:\/\/malywielkimowca.pl\/wp-content\/uploads\/2020\/09\/elektro-Franek-768x518.jpg 768w, http:\/\/malywielkimowca.pl\/wp-content\/uploads\/2020\/09\/elektro-Franek-1536x1036.jpg 1536w, http:\/\/malywielkimowca.pl\/wp-content\/uploads\/2020\/09\/elektro-Franek-2048x1381.jpg 2048w\" sizes=\"auto, (max-width: 150px) 100vw, 150px\" \/><\/p>\n\n\n\n<p>Zabieg trwa od 15 do 30 minut i jest ca\u0142kowicie bezbolesny. Pacjent mo\u017ce odczuwa\u0107 mrowienie lub nie odczuwa\u0107 nic.<img loading=\"lazy\" decoding=\"async\" width=\"150\" height=\"283\" class=\"wp-image-158\" style=\"width: 150px;\" src=\"http:\/\/malywielkimowca.pl\/wp-content\/uploads\/2020\/09\/elektro-ja.jpg\" alt=\"\" srcset=\"http:\/\/malywielkimowca.pl\/wp-content\/uploads\/2020\/09\/elektro-ja.jpg 945w, http:\/\/malywielkimowca.pl\/wp-content\/uploads\/2020\/09\/elektro-ja-159x300.jpg 159w, http:\/\/malywielkimowca.pl\/wp-content\/uploads\/2020\/09\/elektro-ja-543x1024.jpg 543w, http:\/\/malywielkimowca.pl\/wp-content\/uploads\/2020\/09\/elektro-ja-768x1447.jpg 768w, http:\/\/malywielkimowca.pl\/wp-content\/uploads\/2020\/09\/elektro-ja-815x1536.jpg 815w\" sizes=\"auto, (max-width: 150px) 100vw, 150px\" \/> <\/p>\n\n\n\n<p>Najwi\u0119ksz\u0105 skuteczno\u015b\u0107 zabiegu osi\u0105gamy, gdy wykonywany jest w seriach po 10 lub 20 zabieg\u00f3w, co najmniej 3 razy w tygodniu i w razie konieczno\u015bci powtarzany.<img loading=\"lazy\" decoding=\"async\" width=\"150\" height=\"84\" class=\"wp-image-156\" style=\"width: 150px;\" src=\"http:\/\/malywielkimowca.pl\/wp-content\/uploads\/2020\/09\/elektro-Ala.jpg\" alt=\"\" srcset=\"http:\/\/malywielkimowca.pl\/wp-content\/uploads\/2020\/09\/elektro-Ala.jpg 1910w, http:\/\/malywielkimowca.pl\/wp-content\/uploads\/2020\/09\/elektro-Ala-300x169.jpg 300w, http:\/\/malywielkimowca.pl\/wp-content\/uploads\/2020\/09\/elektro-Ala-1024x576.jpg 1024w, http:\/\/malywielkimowca.pl\/wp-content\/uploads\/2020\/09\/elektro-Ala-768x432.jpg 768w, http:\/\/malywielkimowca.pl\/wp-content\/uploads\/2020\/09\/elektro-Ala-1536x864.jpg 1536w, http:\/\/malywielkimowca.pl\/wp-content\/uploads\/2020\/09\/elektro-Ala-320x180.jpg 320w\" sizes=\"auto, (max-width: 150px) 100vw, 150px\" \/> <\/p>\n\n\n\n<p>Wyb\u00f3r metody zabiegu, miejsca oddzia\u0142ywania, czasu i liczby zabieg\u00f3w uzale\u017cniony jest od celu terapeutycznego.<img loading=\"lazy\" decoding=\"async\" width=\"150\" height=\"116\" class=\"wp-image-155\" style=\"width: 150px;\" src=\"http:\/\/malywielkimowca.pl\/wp-content\/uploads\/2020\/09\/elektro-ala-1.jpg\" alt=\"\" srcset=\"http:\/\/malywielkimowca.pl\/wp-content\/uploads\/2020\/09\/elektro-ala-1.jpg 1991w, http:\/\/malywielkimowca.pl\/wp-content\/uploads\/2020\/09\/elektro-ala-1-300x232.jpg 300w, http:\/\/malywielkimowca.pl\/wp-content\/uploads\/2020\/09\/elektro-ala-1-1024x792.jpg 1024w, http:\/\/malywielkimowca.pl\/wp-content\/uploads\/2020\/09\/elektro-ala-1-768x594.jpg 768w, http:\/\/malywielkimowca.pl\/wp-content\/uploads\/2020\/09\/elektro-ala-1-1536x1187.jpg 1536w\" sizes=\"auto, (max-width: 150px) 100vw, 150px\" \/><\/p>\n","protected":false},"excerpt":{"rendered":"<p>Co to jest elektrostymulacja? Elektrostymulacja to metoda wspomagania terapii logopedycznej, neurologopedycznej i ortodontycznej poprzez oddzia\u0142ywanie pr\u0105du impulsowego na nerwy i mi\u0119\u015bnie. Pr\u0105d o niskim nat\u0119\u017ceniu stymuluje mi\u0119\u015bnie do normatywnego skurczu, oddzia\u0142uj\u0105c bezpo\u015brednio na w\u0142\u00f3kna mi\u0119\u015bniowe lub normalizuj\u0105c skurcz poprzez oddzia\u0142ywanie na nerwy. Wskazania do zabieg\u00f3w op\u00f3\u017aniony rozw\u00f3j mowy obni\u017cone napi\u0119cie mi\u0119\u015bniowe w obr\u0119bie kompleksu ustno [&hellip;]<\/p>\n","protected":false},"author":1,"featured_media":0,"parent":0,"menu_order":0,"comment_status":"closed","ping_status":"closed","template":"page-onecolumn.php","meta":{"footnotes":""},"class_list":["post-112","page","type-page","status-publish","hentry"],"_links":{"self":[{"href":"http:\/\/malywielkimowca.pl\/index.php?rest_route=\/wp\/v2\/pages\/112","targetHints":{"allow":["GET"]}}],"collection":[{"href":"http:\/\/malywielkimowca.pl\/index.php?rest_route=\/wp\/v2\/pages"}],"about":[{"href":"http:\/\/malywielkimowca.pl\/index.php?rest_route=\/wp\/v2\/types\/page"}],"author":[{"embeddable":true,"href":"http:\/\/malywielkimowca.pl\/index.php?rest_route=\/wp\/v2\/users\/1"}],"replies":[{"embeddable":true,"href":"http:\/\/malywielkimowca.pl\/index.php?rest_route=%2Fwp%2Fv2%2Fcomments&post=112"}],"version-history":[{"count":6,"href":"http:\/\/malywielkimowca.pl\/index.php?rest_route=\/wp\/v2\/pages\/112\/revisions"}],"predecessor-version":[{"id":160,"href":"http:\/\/malywielkimowca.pl\/index.php?rest_route=\/wp\/v2\/pages\/112\/revisions\/160"}],"wp:attachment":[{"href":"http:\/\/malywielkimowca.pl\/index.php?rest_route=%2Fwp%2Fv2%2Fmedia&parent=112"}],"curies":[{"name":"wp","href":"https:\/\/api.w.org\/{rel}","templated":true}]}}